{"id":591,"date":"2023-02-01T11:39:02","date_gmt":"2023-02-01T11:39:02","guid":{"rendered":"http:\/\/www.helenagonzalezperucho.com.es\/?page_id=591"},"modified":"2023-10-24T14:55:32","modified_gmt":"2023-10-24T14:55:32","slug":"martina","status":"publish","type":"page","link":"http:\/\/www.helenagonzalezperucho.com.es\/es\/martina\/","title":{"rendered":"MARTINA"},"content":{"rendered":"\n<div class=\"wp-block-columns is-layout-flex wp-container-core-columns-is-layout-9d6595d7 wp-block-columns-is-layout-flex\">\n<div class=\"wp-block-column is-layout-flow wp-block-column-is-layout-flow\">\n<figure class=\"wp-block-image size-full\"><img loading=\"lazy\" decoding=\"async\" width=\"600\" height=\"750\" src=\"http:\/\/www.helenagonzalezperucho.com.es\/wp-content\/uploads\/2023\/10\/martina_web_opt.jpg\" alt=\"\" class=\"wp-image-614\" srcset=\"http:\/\/www.helenagonzalezperucho.com.es\/wp-content\/uploads\/2023\/10\/martina_web_opt.jpg 600w, http:\/\/www.helenagonzalezperucho.com.es\/wp-content\/uploads\/2023\/10\/martina_web_opt-240x300.jpg 240w\" sizes=\"auto, (max-width: 600px) 100vw, 600px\" \/><\/figure>\n<\/div>\n\n\n\n<div class=\"wp-block-column is-layout-flow wp-block-column-is-layout-flow\">\n<p class=\"has-text-align-right\"><em>Domingo, 29\/1\/2023<\/em><\/p>\n\n\n\n<p><br>Martina amor m\u00edo, eres reci\u00e9n nacida, hoy tu madre te ha confiado a la luz de esta tierra y yo me siento rendida al milagro de la Vida.<\/p>\n\n\n\n<p><br>Te miro mientras duermes y pienso que la belleza se ha manifestado a trav\u00e9s de tu peque\u00f1o cuerpo y con seguridad este buen olor a ternura y bondad que desprendes, esta inocencia que te ilumina \u00e9s el buen presagio que este mundo ser\u00e1 un lugar mejor contigo.<\/p>\n\n\n\n<p class=\"has-text-align-right\"><br><em>Bienvenida a casa, chiquitina m\u00eda<\/em>.<\/p>\n\n\n\n<p class=\"has-text-align-right\"><em>-Nona-<\/em><\/p>\n<\/div>\n<\/div>\n","protected":false},"excerpt":{"rendered":"<p>Domingo, 29\/1\/2023 Martina amor m\u00edo, eres reci\u00e9n nacida, hoy tu madre te ha confiado a la luz de esta tierra y yo me siento rendida al milagro de la Vida. Te miro mientras duermes y pienso que la belleza se ha manifestado a trav\u00e9s de tu peque\u00f1o cuerpo y con seguridad este buen olor a [&hellip;]<\/p>\n","protected":false},"author":1,"featured_media":0,"parent":0,"menu_order":0,"comment_status":"closed","ping_status":"closed","template":"","meta":{"footnotes":""},"class_list":["post-591","page","type-page","status-publish","hentry"],"_links":{"self":[{"href":"http:\/\/www.helenagonzalezperucho.com.es\/es\/wp-json\/wp\/v2\/pages\/591","targetHints":{"allow":["GET"]}}],"collection":[{"href":"http:\/\/www.helenagonzalezperucho.com.es\/es\/wp-json\/wp\/v2\/pages"}],"about":[{"href":"http:\/\/www.helenagonzalezperucho.com.es\/es\/wp-json\/wp\/v2\/types\/page"}],"author":[{"embeddable":true,"href":"http:\/\/www.helenagonzalezperucho.com.es\/es\/wp-json\/wp\/v2\/users\/1"}],"replies":[{"embeddable":true,"href":"http:\/\/www.helenagonzalezperucho.com.es\/es\/wp-json\/wp\/v2\/comments?post=591"}],"version-history":[{"count":14,"href":"http:\/\/www.helenagonzalezperucho.com.es\/es\/wp-json\/wp\/v2\/pages\/591\/revisions"}],"predecessor-version":[{"id":633,"href":"http:\/\/www.helenagonzalezperucho.com.es\/es\/wp-json\/wp\/v2\/pages\/591\/revisions\/633"}],"wp:attachment":[{"href":"http:\/\/www.helenagonzalezperucho.com.es\/es\/wp-json\/wp\/v2\/media?parent=591"}],"curies":[{"name":"wp","href":"https:\/\/api.w.org\/{rel}","templated":true}]}}