{"id":517,"date":"2021-12-11T11:57:43","date_gmt":"2021-12-11T11:57:43","guid":{"rendered":"http:\/\/www.helenagonzalezperucho.com.es\/?page_id=517"},"modified":"2025-03-07T17:18:57","modified_gmt":"2025-03-07T17:18:57","slug":"chispas","status":"publish","type":"page","link":"http:\/\/www.helenagonzalezperucho.com.es\/es\/chispas\/","title":{"rendered":"CHISPAS"},"content":{"rendered":"<p style=\"text-align: right;\"><em>\u201cSuman los d\u00edas y soy m\u00e1s sabia, m\u00e1s yo&#8230;\u201d<\/em><\/p>\n<p><strong>Una tierra<\/strong> &#8211; Catalu\u00f1a i Galicia.<\/p>\n<p><strong>Dios<\/strong> &#8211; La Existencia, la Inteligencia, la Ley.<\/p>\n<p><strong>El silencio<\/strong> &#8211; Paz, energ\u00eda, una forma de oraci\u00f3n.<\/p>\n<p><strong>Una religi\u00f3n<\/strong> &#8211; La bondad.<\/p>\n<p><strong>Un \u00eddolo<\/strong> &#8211; Ni \u00eddolos, ni tradiciones, ni reyes.<\/p>\n<p><strong>La libertad\u00a0<\/strong>&#8211; Un derecho fundamental bell\u00edsimo, en peligro de extinci\u00f3n.<\/p>\n<p><strong>Un valor<\/strong> &#8211; Todo aquello que amo.<\/p>\n<p><strong>Un tesoro<\/strong> &#8211; Mi familia.<\/p>\n<p><strong>Momento entra\u00f1able<\/strong> &#8211; Mis hijos reci\u00e9n nacidos.<\/p>\n<p><strong>Un libro<\/strong> &#8211; Walden, de Thoreau. Memorias de Adriano, de Marguerite Yourcenair y mil m\u00e1s.<\/p>\n<p><strong>Una pel\u00edcula<\/strong> &#8211; M\u00e1s que una pel\u00edcula fue un director, Sidney Pollack.<\/p>\n<p><strong>Por bandera la alegr\u00eda<\/strong> &#8211; Oh si, aquel tiempo fabuloso en el que a\u00fan todo me era nuevo&#8230;<\/p>\n<p><strong>Un olor<\/strong> &#8211; El aroma del heno reci\u00e9n segado.<\/p>\n<p><strong>Una comida y una bebida<\/strong> &#8211; Un buen arroz y un albari\u00f1o R\u00edas Baixas.<\/p>\n<p><strong>Una m\u00fasica<\/strong> &#8211; Los cl\u00e1sicos, el jazz&#8230; pero tambi\u00e9n canciones preciosas como \u00abKiss of Life\u00bb de Sade.<\/p>\n<p><b>El arte <\/b>&#8211; Hubo una vez, el talento enamorado de la belleza. Michelangelo, Raffaello, Leonardo&#8230;, sentimiento, emoci\u00f3n, arte.<\/p>\n<p><strong>Un deporte<\/strong> &#8211; El senderismo por la Vall Fosca.<\/p>\n<p><strong>Un hobby<\/strong> &#8211; Cuidar de un peque\u00f1o jard\u00edn.<\/p>\n<p><strong>Una costumbre<\/strong> &#8211; El orden.<\/p>\n<p><strong>La felicidad<\/strong> &#8211; La ausencia de necesidades.<\/p>\n<p><strong>La a\u00f1oranza<\/strong> &#8211; De todas aquellas personas o animales, que han formado parte de mi historia y ya no est\u00e1n. Yo, los sigo amando.<\/p>\n<p><strong>Una huella<\/strong> &#8211; La que me han dejado mis padres Pura y Samuel, dos personas absolutamente maravillosas.<\/p>\n<p><strong>Un lema<\/strong> &#8211; A\u00fan que todos lo hagan, yo no.<\/p>\n","protected":false},"excerpt":{"rendered":"<p>\u201cSuman los d\u00edas y soy m\u00e1s sabia, m\u00e1s yo&#8230;\u201d Una tierra &#8211; Catalu\u00f1a i Galicia. Dios &#8211; La Existencia, la Inteligencia, la Ley. El silencio &#8211; Paz, energ\u00eda, una forma de oraci\u00f3n. Una religi\u00f3n &#8211; La bondad. Un \u00eddolo &#8211; Ni \u00eddolos, ni tradiciones, ni reyes. La libertad\u00a0&#8211; Un derecho fundamental bell\u00edsimo, en peligro de [&hellip;]<\/p>\n","protected":false},"author":1,"featured_media":0,"parent":0,"menu_order":0,"comment_status":"closed","ping_status":"closed","template":"","meta":{"footnotes":""},"class_list":["post-517","page","type-page","status-publish","hentry"],"_links":{"self":[{"href":"http:\/\/www.helenagonzalezperucho.com.es\/es\/wp-json\/wp\/v2\/pages\/517","targetHints":{"allow":["GET"]}}],"collection":[{"href":"http:\/\/www.helenagonzalezperucho.com.es\/es\/wp-json\/wp\/v2\/pages"}],"about":[{"href":"http:\/\/www.helenagonzalezperucho.com.es\/es\/wp-json\/wp\/v2\/types\/page"}],"author":[{"embeddable":true,"href":"http:\/\/www.helenagonzalezperucho.com.es\/es\/wp-json\/wp\/v2\/users\/1"}],"replies":[{"embeddable":true,"href":"http:\/\/www.helenagonzalezperucho.com.es\/es\/wp-json\/wp\/v2\/comments?post=517"}],"version-history":[{"count":26,"href":"http:\/\/www.helenagonzalezperucho.com.es\/es\/wp-json\/wp\/v2\/pages\/517\/revisions"}],"predecessor-version":[{"id":714,"href":"http:\/\/www.helenagonzalezperucho.com.es\/es\/wp-json\/wp\/v2\/pages\/517\/revisions\/714"}],"wp:attachment":[{"href":"http:\/\/www.helenagonzalezperucho.com.es\/es\/wp-json\/wp\/v2\/media?parent=517"}],"curies":[{"name":"wp","href":"https:\/\/api.w.org\/{rel}","templated":true}]}}