{"id":38,"date":"2016-12-10T10:36:32","date_gmt":"2016-12-10T10:36:32","guid":{"rendered":"http:\/\/www.helenagonzalezperucho.com.es\/?page_id=38"},"modified":"2016-12-16T16:10:24","modified_gmt":"2016-12-16T16:10:24","slug":"momentos","status":"publish","type":"page","link":"http:\/\/www.helenagonzalezperucho.com.es\/es\/momentos\/","title":{"rendered":"MOMENTOS"},"content":{"rendered":"<p>Hoy me fij\u00e9 en el dibujo que me hizo un artista del barrio de Montmartre en Paris. Fue aquel un viaje feliz, y es que no siempre es as\u00ed. A veces incluso las vacaciones son tan estresantes que est\u00e1s deseando que acaben. Las prisas y la ansiedad por llegar corriendo a ninguna parte se han convertido en una costumbre de vida demasiado extendida.<\/p>\n<p>&nbsp;<\/p>\n<p>Me viene a la memoria la canci\u00f3n de Julio Iglesias:<\/p>\n<p>&nbsp;<\/p>\n<p style=\"text-align: right;\"><em>\u00bb De tanto correr por la vida sin freno<\/em><br \/>\n<em> Me olvid\u00e9 que la vida se vive un momento<\/em><br \/>\n<em> De tanto querer ser en todo el primero<\/em><br \/>\n<em> Me olvid\u00e9 de vivir los detalles peque\u00f1os \u00ab<\/em><\/p>\n<p>&nbsp;<\/p>\n<p>Procuro tener un espacio de tiempo que solo a m\u00ed me pertenece. Es un tiempo bello, dulce, sosegado y nunca jam\u00e1s aburrido.<\/p>\n<p>&nbsp;<\/p>\n<p>Escucho m\u00fasica &#8211; jazz-blues, celta, pop-rock, sinf\u00f3nica &#8230; -, leo \u2013 los libros son muy importantes para m\u00ed, Amos Oz y su autobiograf\u00eda <em>Una historia de amor y oscuridad<\/em> es uno de los que m\u00e1s me gustan -, o sencillamente me dejo seducir por un paisaje hermoso. Cabdella tiene un sendero que conduce al valle de Riq\u00fcerna hasta el rio Rus, es un lugar bell\u00edsimo, escondido en un entorno rom\u00e1ntico, entre altas monta\u00f1as con prados alpinos y aguas cristalinas. Este valle es una fiesta para los sentidos del cual regreso siempre feliz y cautivada.<\/p>\n<p>&nbsp;<\/p>\n<p>No lo considero en absoluto una p\u00e9rdida de tiempo. Es cuando m\u00e1s consciente soy de la vida y hace que mi mente recobre parte del equilibrio que la propia vida con sus devaneos me roba.<\/p>\n<p>&nbsp;<\/p>\n<p>Seg\u00fan Khalil Gibran \u201c<em>El aspecto de las cosas cambia seg\u00fan las emociones, y por lo tanto vemos la magia y la belleza, cuando la magia y la belleza en realidad est\u00e1n en nosotros mismos<\/em>\u201d.<\/p>\n","protected":false},"excerpt":{"rendered":"<p>Hoy me fij\u00e9 en el dibujo que me hizo un artista del barrio de Montmartre en Paris. Fue aquel un viaje feliz, y es que no siempre es as\u00ed. A veces incluso las vacaciones son tan estresantes que est\u00e1s deseando que acaben. Las prisas y la ansiedad por llegar corriendo a ninguna parte se han [&hellip;]<\/p>\n","protected":false},"author":1,"featured_media":0,"parent":0,"menu_order":0,"comment_status":"closed","ping_status":"closed","template":"","meta":{"footnotes":""},"class_list":["post-38","page","type-page","status-publish","hentry"],"_links":{"self":[{"href":"http:\/\/www.helenagonzalezperucho.com.es\/es\/wp-json\/wp\/v2\/pages\/38","targetHints":{"allow":["GET"]}}],"collection":[{"href":"http:\/\/www.helenagonzalezperucho.com.es\/es\/wp-json\/wp\/v2\/pages"}],"about":[{"href":"http:\/\/www.helenagonzalezperucho.com.es\/es\/wp-json\/wp\/v2\/types\/page"}],"author":[{"embeddable":true,"href":"http:\/\/www.helenagonzalezperucho.com.es\/es\/wp-json\/wp\/v2\/users\/1"}],"replies":[{"embeddable":true,"href":"http:\/\/www.helenagonzalezperucho.com.es\/es\/wp-json\/wp\/v2\/comments?post=38"}],"version-history":[{"count":6,"href":"http:\/\/www.helenagonzalezperucho.com.es\/es\/wp-json\/wp\/v2\/pages\/38\/revisions"}],"predecessor-version":[{"id":265,"href":"http:\/\/www.helenagonzalezperucho.com.es\/es\/wp-json\/wp\/v2\/pages\/38\/revisions\/265"}],"wp:attachment":[{"href":"http:\/\/www.helenagonzalezperucho.com.es\/es\/wp-json\/wp\/v2\/media?parent=38"}],"curies":[{"name":"wp","href":"https:\/\/api.w.org\/{rel}","templated":true}]}}