{"id":364,"date":"2018-03-01T21:28:38","date_gmt":"2018-03-01T21:28:38","guid":{"rendered":"http:\/\/www.helenagonzalezperucho.com.es\/?page_id=364\/"},"modified":"2018-05-31T16:37:42","modified_gmt":"2018-05-31T16:37:42","slug":"brindis","status":"publish","type":"page","link":"http:\/\/www.helenagonzalezperucho.com.es\/es\/brindis\/","title":{"rendered":"BRINDIS"},"content":{"rendered":"<p>Todas las ma\u00f1anas nacen seducidas. Cuando la luz llega, lo hace con una promesa renovada, y ese, es el momento del d\u00eda que m\u00e1s me gusta.<\/p>\n<p>&nbsp;<\/p>\n<p>Ahora, es una ma\u00f1ana de finales de invierno y llueve con insistencia. A lo mejor es el sonido r\u00edtmico del agua, que me hace percibir una coqueta conexi\u00f3n con aquello que vive m\u00e1s all\u00e1 de las palabras&#8230; So\u00f1ar se me da bien. Los sue\u00f1os forman parte del misterio, de lo sagrado y eso los hace poderosos. Qui\u00e9n sabe, si no son ellos, la semilla de todo.<\/p>\n<p>&nbsp;<\/p>\n<p>La vida ofrece una fascinaci\u00f3n arcana, pero me apetece dedicarle un brindis, porque ella a veces, con sutileza de \u00e1ngel, me hace sentir la libertad de vivirla a mi aire, volvi\u00e9ndose bonita porque s\u00ed.<\/p>\n<p>&nbsp;<\/p>\n<p>&nbsp;<\/p>\n<p style=\"text-align: right;\"><em>Por la vida y todos sus amaneceres.<\/em><\/p>\n","protected":false},"excerpt":{"rendered":"<p>Todas las ma\u00f1anas nacen seducidas. Cuando la luz llega, lo hace con una promesa renovada, y ese, es el momento del d\u00eda que m\u00e1s me gusta. &nbsp; Ahora, es una ma\u00f1ana de finales de invierno y llueve con insistencia. A lo mejor es el sonido r\u00edtmico del agua, que me hace percibir una coqueta conexi\u00f3n [&hellip;]<\/p>\n","protected":false},"author":1,"featured_media":0,"parent":0,"menu_order":0,"comment_status":"closed","ping_status":"closed","template":"","meta":{"footnotes":""},"class_list":["post-364","page","type-page","status-publish","hentry"],"_links":{"self":[{"href":"http:\/\/www.helenagonzalezperucho.com.es\/es\/wp-json\/wp\/v2\/pages\/364","targetHints":{"allow":["GET"]}}],"collection":[{"href":"http:\/\/www.helenagonzalezperucho.com.es\/es\/wp-json\/wp\/v2\/pages"}],"about":[{"href":"http:\/\/www.helenagonzalezperucho.com.es\/es\/wp-json\/wp\/v2\/types\/page"}],"author":[{"embeddable":true,"href":"http:\/\/www.helenagonzalezperucho.com.es\/es\/wp-json\/wp\/v2\/users\/1"}],"replies":[{"embeddable":true,"href":"http:\/\/www.helenagonzalezperucho.com.es\/es\/wp-json\/wp\/v2\/comments?post=364"}],"version-history":[{"count":15,"href":"http:\/\/www.helenagonzalezperucho.com.es\/es\/wp-json\/wp\/v2\/pages\/364\/revisions"}],"predecessor-version":[{"id":410,"href":"http:\/\/www.helenagonzalezperucho.com.es\/es\/wp-json\/wp\/v2\/pages\/364\/revisions\/410"}],"wp:attachment":[{"href":"http:\/\/www.helenagonzalezperucho.com.es\/es\/wp-json\/wp\/v2\/media?parent=364"}],"curies":[{"name":"wp","href":"https:\/\/api.w.org\/{rel}","templated":true}]}}