{"id":36,"date":"2016-12-10T10:36:10","date_gmt":"2016-12-10T10:36:10","guid":{"rendered":"http:\/\/www.helenagonzalezperucho.com.es\/?page_id=36"},"modified":"2019-12-06T15:54:42","modified_gmt":"2019-12-06T15:54:42","slug":"maktub","status":"publish","type":"page","link":"http:\/\/www.helenagonzalezperucho.com.es\/es\/maktub\/","title":{"rendered":"MAKTUB"},"content":{"rendered":"<p>Me cas\u00e9 joven, a los diecinueve a\u00f1os, con un buen hombre. Ha sido la persona m\u00e1s generosa que he conocido. Me amaba y mimaba tanto que tal vez lo hac\u00eda en exceso. Tuvimos dos hijos, David, un ni\u00f1o rubio y Elisabet, una morenita de ojos claros.<\/p>\n<p>&nbsp;<\/p>\n<p>Pasado un tiempo y a una edad demasiado temprana, Manel, mi marido, contrajo una enfermedad neurol\u00f3gica grave. Trastornando as\u00ed su vida y tambi\u00e9n la m\u00eda.<\/p>\n<p>&nbsp;<\/p>\n<p>S\u00e9 que el destino existe, y lo creo por que se nos dan una serie de circunstancias, de las que en absoluto somos part\u00edcipes y que inevitablemente van a condicionar nuestra propia historia, por ejemplo: no podemos evitar nacer o morir, no podemos elegir a nuestros padres y ni tan siquiera a nuestros hijos, ni en qu\u00e9 lugar del mundo nacemos, ni si lo hacemos en el seno de una familia numerosa o si por el contrario somos hijos \u00fanicos, tampoco podemos elegir nuestra salud, no podemos evitar una desgracia o que nos favorezca la suerte, etc., etc. Todos estos encadenamientos van configurando unos sucesos.<\/p>\n<p>&nbsp;<\/p>\n<p>Es verdad que nuestras propias decisiones dan al individuo la libertad de elegir, pero incluso estas, se nos limitan con el grado de nuestra inteligencia y tambi\u00e9n de la cultura recibida.<\/p>\n<p>&nbsp;<\/p>\n<p>Le\u00ed una vez, que somos infelices, cuando no seguimos la que deber\u00eda ser nuestra ruta. Puede que haya algo de cierto en eso, por mucho que te empe\u00f1es en seguir un camino, si no es el acertado, no ser\u00e1s nunca feliz.<\/p>\n<p>&nbsp;<\/p>\n<p>Tal vez, deber\u00edamos dejar fluir a los acontecimientos, sin por ello ser unos irresponsables. El mundo tiene unas leyes establecidas, todo sucede como tiene que suceder. Todo tiene un por qu\u00e9 y el ser humano, no se salva de estas leyes. Aunque dif\u00edcil de entender, no deja de ser maravilloso.<\/p>\n<p>&nbsp;<\/p>\n<p>&nbsp;<\/p>\n<p style=\"text-align: right;\"><em>Maktub, (lo que est\u00e1 escrito) lo llaman los \u00e1rabes<\/em><\/p>\n","protected":false},"excerpt":{"rendered":"<p>Me cas\u00e9 joven, a los diecinueve a\u00f1os, con un buen hombre. Ha sido la persona m\u00e1s generosa que he conocido. Me amaba y mimaba tanto que tal vez lo hac\u00eda en exceso. Tuvimos dos hijos, David, un ni\u00f1o rubio y Elisabet, una morenita de ojos claros. &nbsp; Pasado un tiempo y a una edad demasiado [&hellip;]<\/p>\n","protected":false},"author":1,"featured_media":0,"parent":0,"menu_order":0,"comment_status":"closed","ping_status":"closed","template":"","meta":{"footnotes":""},"class_list":["post-36","page","type-page","status-publish","hentry"],"_links":{"self":[{"href":"http:\/\/www.helenagonzalezperucho.com.es\/es\/wp-json\/wp\/v2\/pages\/36","targetHints":{"allow":["GET"]}}],"collection":[{"href":"http:\/\/www.helenagonzalezperucho.com.es\/es\/wp-json\/wp\/v2\/pages"}],"about":[{"href":"http:\/\/www.helenagonzalezperucho.com.es\/es\/wp-json\/wp\/v2\/types\/page"}],"author":[{"embeddable":true,"href":"http:\/\/www.helenagonzalezperucho.com.es\/es\/wp-json\/wp\/v2\/users\/1"}],"replies":[{"embeddable":true,"href":"http:\/\/www.helenagonzalezperucho.com.es\/es\/wp-json\/wp\/v2\/comments?post=36"}],"version-history":[{"count":10,"href":"http:\/\/www.helenagonzalezperucho.com.es\/es\/wp-json\/wp\/v2\/pages\/36\/revisions"}],"predecessor-version":[{"id":489,"href":"http:\/\/www.helenagonzalezperucho.com.es\/es\/wp-json\/wp\/v2\/pages\/36\/revisions\/489"}],"wp:attachment":[{"href":"http:\/\/www.helenagonzalezperucho.com.es\/es\/wp-json\/wp\/v2\/media?parent=36"}],"curies":[{"name":"wp","href":"https:\/\/api.w.org\/{rel}","templated":true}]}}